{"id":27,"date":"2020-01-20T17:04:30","date_gmt":"2020-01-20T17:04:30","guid":{"rendered":"http:\/\/leolindblom.fi\/kovesjoki\/?page_id=27"},"modified":"2020-01-22T11:01:59","modified_gmt":"2020-01-22T11:01:59","slug":"rata-ammunta","status":"publish","type":"page","link":"https:\/\/leolindblom.fi\/kovesjoki\/rata-ammunta\/","title":{"rendered":"Rata-ammunta"},"content":{"rendered":"\t\t<div data-elementor-type=\"wp-page\" data-elementor-id=\"27\" class=\"elementor elementor-27\">\n\t\t\t\t\t\t<div class=\"elementor-inner\">\n\t\t\t\t<div class=\"elementor-section-wrap\">\n\t\t\t\t\t\t\t\t\t<section class=\"elementor-section elementor-top-section elementor-element elementor-element-fd237df elementor-section-boxed elementor-section-height-default elementor-section-height-default\" data-id=\"fd237df\" data-element_type=\"section\">\n\t\t\t\t\t\t<div class=\"elementor-container elementor-column-gap-default\">\n\t\t\t\t\t\t\t<div class=\"elementor-row\">\n\t\t\t\t\t<div class=\"elementor-column elementor-col-50 elementor-top-column elementor-element elementor-element-015aae4\" data-id=\"015aae4\" data-element_type=\"column\">\n\t\t\t<div class=\"elementor-column-wrap elementor-element-populated\">\n\t\t\t\t\t\t\t<div class=\"elementor-widget-wrap\">\n\t\t\t\t\t\t<div class=\"elementor-element elementor-element-dc85962 elementor-widget elementor-widget-image\" data-id=\"dc85962\" data-element_type=\"widget\" data-widget_type=\"image.default\">\n\t\t\t\t<div class=\"elementor-widget-container\">\n\t\t\t\t\t\t\t\t<div class=\"elementor-image\">\n\t\t\t\t\t\t\t\t\t\t\t\t<img loading=\"lazy\" decoding=\"async\" width=\"600\" height=\"623\" src=\"https:\/\/leolindblom.fi\/kovesjoki\/wp-content\/uploads\/2020\/01\/hannuijahirvi.jpg\" class=\"attachment-large size-large wp-image-187\" alt=\"\" srcset=\"https:\/\/leolindblom.fi\/kovesjoki\/wp-content\/uploads\/2020\/01\/hannuijahirvi.jpg 600w, https:\/\/leolindblom.fi\/kovesjoki\/wp-content\/uploads\/2020\/01\/hannuijahirvi-289x300.jpg 289w\" sizes=\"auto, (max-width: 600px) 100vw, 600px\" \/>\t\t\t\t\t\t\t\t\t\t\t\t\t\t<\/div>\n\t\t\t\t\t\t<\/div>\n\t\t\t\t<\/div>\n\t\t\t\t<div class=\"elementor-element elementor-element-74bc803 elementor-widget elementor-widget-spacer\" data-id=\"74bc803\" data-element_type=\"widget\" data-widget_type=\"spacer.default\">\n\t\t\t\t<div class=\"elementor-widget-container\">\n\t\t\t\t\t<div class=\"elementor-spacer\">\n\t\t\t<div class=\"elementor-spacer-inner\"><\/div>\n\t\t<\/div>\n\t\t\t\t<\/div>\n\t\t\t\t<\/div>\n\t\t\t\t\t\t<\/div>\n\t\t\t\t\t<\/div>\n\t\t<\/div>\n\t\t\t\t<div class=\"elementor-column elementor-col-50 elementor-top-column elementor-element elementor-element-febcf26\" data-id=\"febcf26\" data-element_type=\"column\">\n\t\t\t<div class=\"elementor-column-wrap elementor-element-populated\">\n\t\t\t\t\t\t\t<div class=\"elementor-widget-wrap\">\n\t\t\t\t\t\t<div class=\"elementor-element elementor-element-05c1022 elementor-widget elementor-widget-image\" data-id=\"05c1022\" data-element_type=\"widget\" data-widget_type=\"image.default\">\n\t\t\t\t<div class=\"elementor-widget-container\">\n\t\t\t\t\t\t\t\t<div class=\"elementor-image\">\n\t\t\t\t\t\t\t\t\t\t\t\t<img loading=\"lazy\" decoding=\"async\" width=\"652\" height=\"416\" src=\"https:\/\/leolindblom.fi\/kovesjoki\/wp-content\/uploads\/2020\/01\/hirvitauluiso.jpg\" class=\"attachment-large size-large wp-image-192\" alt=\"\" srcset=\"https:\/\/leolindblom.fi\/kovesjoki\/wp-content\/uploads\/2020\/01\/hirvitauluiso.jpg 652w, https:\/\/leolindblom.fi\/kovesjoki\/wp-content\/uploads\/2020\/01\/hirvitauluiso-300x191.jpg 300w\" sizes=\"auto, (max-width: 652px) 100vw, 652px\" \/>\t\t\t\t\t\t\t\t\t\t\t\t\t\t<\/div>\n\t\t\t\t\t\t<\/div>\n\t\t\t\t<\/div>\n\t\t\t\t<div class=\"elementor-element elementor-element-22b7d10 elementor-widget elementor-widget-text-editor\" data-id=\"22b7d10\" data-element_type=\"widget\" data-widget_type=\"text-editor.default\">\n\t\t\t\t<div class=\"elementor-widget-container\">\n\t\t\t\t\t\t\t\t<div class=\"elementor-text-editor elementor-clearfix\">\n\t\t\t\t<p>Seuran p\u00f6yt\u00e4kirjoista k\u00e4y ilmi, ett\u00e4 ampumatoimikunta on ensi kertaa nimitetty 1968. Riistanhoitoyhdistyksen kisoihin on osallistuttu samoista ajoista l\u00e4htien, p\u00e4\u00e4asiassa Parkanon Er\u00e4miesten Er\u00e4kaidan radalla. Visurin rata vihittiin k\u00e4ytt\u00f6\u00f6n 1.8.1987 ja siit\u00e4 l\u00e4htien on harjoitukset ja kisat pidetty siell\u00e4. Riistanhoitoyhdistyksen kisoihin seurasta on osallistuttu vaihtelevasti. Hirvenhiihdosta l\u00f6ytyy aikakirjoista merkint\u00e4, jonka mukaan seura saavutti -94 riistanhoitoyhdistyksen joukkuekilpailuissa 4. sijan.<\/p><p>Vuonna -96 seura osti pienoishirviradan ja ilma-aseen j\u00e4senten ja erityisesti nuorten harjoittelua varten. Se sijoitettiin Kuusiluoman kouluun.<\/p>\t\t\t\t\t<\/div>\n\t\t\t\t\t\t<\/div>\n\t\t\t\t<\/div>\n\t\t\t\t\t\t<\/div>\n\t\t\t\t\t<\/div>\n\t\t<\/div>\n\t\t\t\t\t\t\t\t<\/div>\n\t\t\t\t\t<\/div>\n\t\t<\/section>\n\t\t\t\t<section class=\"elementor-section elementor-top-section elementor-element elementor-element-5c65261 elementor-section-boxed elementor-section-height-default elementor-section-height-default\" data-id=\"5c65261\" data-element_type=\"section\">\n\t\t\t\t\t\t<div class=\"elementor-container elementor-column-gap-default\">\n\t\t\t\t\t\t\t<div class=\"elementor-row\">\n\t\t\t\t\t<div class=\"elementor-column elementor-col-50 elementor-top-column elementor-element elementor-element-9cfc38a\" data-id=\"9cfc38a\" data-element_type=\"column\">\n\t\t\t<div class=\"elementor-column-wrap elementor-element-populated\">\n\t\t\t\t\t\t\t<div class=\"elementor-widget-wrap\">\n\t\t\t\t\t\t<div class=\"elementor-element elementor-element-12f916b elementor-widget elementor-widget-image\" data-id=\"12f916b\" data-element_type=\"widget\" data-widget_type=\"image.default\">\n\t\t\t\t<div class=\"elementor-widget-container\">\n\t\t\t\t\t\t\t\t<div class=\"elementor-image\">\n\t\t\t\t\t\t\t\t\t\t\t\t<img loading=\"lazy\" decoding=\"async\" width=\"383\" height=\"530\" src=\"https:\/\/leolindblom.fi\/kovesjoki\/wp-content\/uploads\/2020\/01\/markotrap.jpg\" class=\"attachment-large size-large wp-image-189\" alt=\"\" srcset=\"https:\/\/leolindblom.fi\/kovesjoki\/wp-content\/uploads\/2020\/01\/markotrap.jpg 383w, https:\/\/leolindblom.fi\/kovesjoki\/wp-content\/uploads\/2020\/01\/markotrap-217x300.jpg 217w\" sizes=\"auto, (max-width: 383px) 100vw, 383px\" \/>\t\t\t\t\t\t\t\t\t\t\t\t\t\t<\/div>\n\t\t\t\t\t\t<\/div>\n\t\t\t\t<\/div>\n\t\t\t\t\t\t<\/div>\n\t\t\t\t\t<\/div>\n\t\t<\/div>\n\t\t\t\t<div class=\"elementor-column elementor-col-50 elementor-top-column elementor-element elementor-element-6c54a91\" data-id=\"6c54a91\" data-element_type=\"column\">\n\t\t\t<div class=\"elementor-column-wrap elementor-element-populated\">\n\t\t\t\t\t\t\t<div class=\"elementor-widget-wrap\">\n\t\t\t\t\t\t<div class=\"elementor-element elementor-element-312d911 elementor-widget elementor-widget-image\" data-id=\"312d911\" data-element_type=\"widget\" data-widget_type=\"image.default\">\n\t\t\t\t<div class=\"elementor-widget-container\">\n\t\t\t\t\t\t\t\t<div class=\"elementor-image\">\n\t\t\t\t\t\t\t\t\t\t\t\t<img loading=\"lazy\" decoding=\"async\" width=\"684\" height=\"456\" src=\"https:\/\/leolindblom.fi\/kovesjoki\/wp-content\/uploads\/2020\/01\/simojataulu.jpg\" class=\"attachment-large size-large wp-image-190\" alt=\"\" srcset=\"https:\/\/leolindblom.fi\/kovesjoki\/wp-content\/uploads\/2020\/01\/simojataulu.jpg 684w, https:\/\/leolindblom.fi\/kovesjoki\/wp-content\/uploads\/2020\/01\/simojataulu-300x200.jpg 300w\" sizes=\"auto, (max-width: 684px) 100vw, 684px\" \/>\t\t\t\t\t\t\t\t\t\t\t\t\t\t<\/div>\n\t\t\t\t\t\t<\/div>\n\t\t\t\t<\/div>\n\t\t\t\t<div class=\"elementor-element elementor-element-1eed60c elementor-widget elementor-widget-text-editor\" data-id=\"1eed60c\" data-element_type=\"widget\" data-widget_type=\"text-editor.default\">\n\t\t\t\t<div class=\"elementor-widget-container\">\n\t\t\t\t\t\t\t\t<div class=\"elementor-text-editor elementor-clearfix\">\n\t\t\t\t<p>Nykymuotoinen seuran kilpailu aloitettiin -99. Siin\u00e4 on lajeina hirviradalla 100m (10 laukausta: 4 paikalla + 6 juoksuun), 75m (10 laukausta juoksuun) ja haulikolla trap (25 laukausta). Lis\u00e4ksi jaetaan palkinnot yhteiskilpailussa (100m + trap).<\/p>\t\t\t\t\t<\/div>\n\t\t\t\t\t\t<\/div>\n\t\t\t\t<\/div>\n\t\t\t\t\t\t<\/div>\n\t\t\t\t\t<\/div>\n\t\t<\/div>\n\t\t\t\t\t\t\t\t<\/div>\n\t\t\t\t\t<\/div>\n\t\t<\/section>\n\t\t\t\t\t\t\t\t\t<\/div>\n\t\t\t<\/div>\n\t\t\t\t\t<\/div>\n\t\t","protected":false},"excerpt":{"rendered":"<p>Seuran p\u00f6yt\u00e4kirjoista k\u00e4y ilmi, ett\u00e4 ampumatoimikunta on ensi kertaa nimitetty 1968. Riistanhoitoyhdistyksen kisoihin on osallistuttu samoista ajoista l\u00e4htien, p\u00e4\u00e4asiassa Parkanon Er\u00e4miesten Er\u00e4kaidan radalla. Visurin rata vihittiin k\u00e4ytt\u00f6\u00f6n 1.8.1987 ja siit\u00e4 l\u00e4htien on harjoitukset ja kisat pidetty siell\u00e4. Riistanhoitoyhdistyksen kisoihin seurasta on osallistuttu vaihtelevasti. Hirvenhiihdosta l\u00f6ytyy aikakirjoista merkint\u00e4, jonka mukaan seura saavutti -94 riistanhoitoyhdistyksen joukkuekilpailuissa 4. [&hellip;]<\/p>\n","protected":false},"author":1,"featured_media":0,"parent":0,"menu_order":0,"comment_status":"closed","ping_status":"closed","template":"","meta":{"ocean_post_layout":"full-width","ocean_both_sidebars_style":"","ocean_both_sidebars_content_width":0,"ocean_both_sidebars_sidebars_width":0,"ocean_sidebar":"0","ocean_second_sidebar":"0","ocean_disable_margins":"enable","ocean_add_body_class":"","ocean_shortcode_before_top_bar":"","ocean_shortcode_after_top_bar":"","ocean_shortcode_before_header":"","ocean_shortcode_after_header":"","ocean_has_shortcode":"","ocean_shortcode_after_title":"","ocean_shortcode_before_footer_widgets":"","ocean_shortcode_after_footer_widgets":"","ocean_shortcode_before_footer_bottom":"","ocean_shortcode_after_footer_bottom":"","ocean_display_top_bar":"default","ocean_display_header":"default","ocean_header_style":"","ocean_center_header_left_menu":"0","ocean_custom_header_template":"0","ocean_custom_logo":0,"ocean_custom_retina_logo":0,"ocean_custom_logo_max_width":0,"ocean_custom_logo_tablet_max_width":0,"ocean_custom_logo_mobile_max_width":0,"ocean_custom_logo_max_height":0,"ocean_custom_logo_tablet_max_height":0,"ocean_custom_logo_mobile_max_height":0,"ocean_header_custom_menu":"0","ocean_menu_typo_font_family":"0","ocean_menu_typo_font_subset":"","ocean_menu_typo_font_size":0,"ocean_menu_typo_font_size_tablet":0,"ocean_menu_typo_font_size_mobile":0,"ocean_menu_typo_font_size_unit":"px","ocean_menu_typo_font_weight":"","ocean_menu_typo_font_weight_tablet":"","ocean_menu_typo_font_weight_mobile":"","ocean_menu_typo_transform":"","ocean_menu_typo_transform_tablet":"","ocean_menu_typo_transform_mobile":"","ocean_menu_typo_line_height":0,"ocean_menu_typo_line_height_tablet":0,"ocean_menu_typo_line_height_mobile":0,"ocean_menu_typo_line_height_unit":"","ocean_menu_typo_spacing":0,"ocean_menu_typo_spacing_tablet":0,"ocean_menu_typo_spacing_mobile":0,"ocean_menu_typo_spacing_unit":"","ocean_menu_link_color":"","ocean_menu_link_color_hover":"","ocean_menu_link_color_active":"","ocean_menu_link_background":"","ocean_menu_link_hover_background":"","ocean_menu_link_active_background":"","ocean_menu_social_links_bg":"","ocean_menu_social_hover_links_bg":"","ocean_menu_social_links_color":"","ocean_menu_social_hover_links_color":"","ocean_disable_title":"default","ocean_disable_heading":"default","ocean_post_title":"","ocean_post_subheading":"","ocean_post_title_style":"","ocean_post_title_background_color":"","ocean_post_title_background":0,"ocean_post_title_bg_image_position":"","ocean_post_title_bg_image_attachment":"","ocean_post_title_bg_image_repeat":"","ocean_post_title_bg_image_size":"","ocean_post_title_height":0,"ocean_post_title_bg_overlay":0.5,"ocean_post_title_bg_overlay_color":"","ocean_disable_breadcrumbs":"default","ocean_breadcrumbs_color":"","ocean_breadcrumbs_separator_color":"","ocean_breadcrumbs_links_color":"","ocean_breadcrumbs_links_hover_color":"","ocean_display_footer_widgets":"default","ocean_display_footer_bottom":"default","ocean_custom_footer_template":"0","footnotes":""},"class_list":["post-27","page","type-page","status-publish","hentry","entry"],"_links":{"self":[{"href":"https:\/\/leolindblom.fi\/kovesjoki\/wp-json\/wp\/v2\/pages\/27","targetHints":{"allow":["GET"]}}],"collection":[{"href":"https:\/\/leolindblom.fi\/kovesjoki\/wp-json\/wp\/v2\/pages"}],"about":[{"href":"https:\/\/leolindblom.fi\/kovesjoki\/wp-json\/wp\/v2\/types\/page"}],"author":[{"embeddable":true,"href":"https:\/\/leolindblom.fi\/kovesjoki\/wp-json\/wp\/v2\/users\/1"}],"replies":[{"embeddable":true,"href":"https:\/\/leolindblom.fi\/kovesjoki\/wp-json\/wp\/v2\/comments?post=27"}],"version-history":[{"count":14,"href":"https:\/\/leolindblom.fi\/kovesjoki\/wp-json\/wp\/v2\/pages\/27\/revisions"}],"predecessor-version":[{"id":297,"href":"https:\/\/leolindblom.fi\/kovesjoki\/wp-json\/wp\/v2\/pages\/27\/revisions\/297"}],"wp:attachment":[{"href":"https:\/\/leolindblom.fi\/kovesjoki\/wp-json\/wp\/v2\/media?parent=27"}],"curies":[{"name":"wp","href":"https:\/\/api.w.org\/{rel}","templated":true}]}}