{"id":29,"date":"2020-01-20T17:04:48","date_gmt":"2020-01-20T17:04:48","guid":{"rendered":"http:\/\/leolindblom.fi\/kovesjoki\/?page_id=29"},"modified":"2020-04-03T15:47:45","modified_gmt":"2020-04-03T15:47:45","slug":"riistanhoito","status":"publish","type":"page","link":"https:\/\/leolindblom.fi\/kovesjoki\/riistanhoito\/","title":{"rendered":"Riistanhoito"},"content":{"rendered":"\t\t<div data-elementor-type=\"wp-page\" data-elementor-id=\"29\" class=\"elementor elementor-29\">\n\t\t\t\t\t\t<div class=\"elementor-inner\">\n\t\t\t\t<div class=\"elementor-section-wrap\">\n\t\t\t\t\t\t\t\t\t<section class=\"elementor-section elementor-top-section elementor-element elementor-element-9b27fee elementor-section-boxed elementor-section-height-default elementor-section-height-default\" data-id=\"9b27fee\" data-element_type=\"section\">\n\t\t\t\t\t\t<div class=\"elementor-container elementor-column-gap-default\">\n\t\t\t\t\t\t\t<div class=\"elementor-row\">\n\t\t\t\t\t<div class=\"elementor-column elementor-col-50 elementor-top-column elementor-element elementor-element-4ee6b67\" data-id=\"4ee6b67\" data-element_type=\"column\">\n\t\t\t<div class=\"elementor-column-wrap elementor-element-populated\">\n\t\t\t\t\t\t\t<div class=\"elementor-widget-wrap\">\n\t\t\t\t\t\t<div class=\"elementor-element elementor-element-a56de1f elementor-widget elementor-widget-image\" data-id=\"a56de1f\" data-element_type=\"widget\" data-widget_type=\"image.default\">\n\t\t\t\t<div class=\"elementor-widget-container\">\n\t\t\t\t\t\t\t\t<div class=\"elementor-image\">\n\t\t\t\t\t\t\t\t\t\t\t\t<img loading=\"lazy\" decoding=\"async\" width=\"800\" height=\"600\" src=\"https:\/\/leolindblom.fi\/kovesjoki\/wp-content\/uploads\/2020\/01\/riistapelto.jpg\" class=\"attachment-large size-large wp-image-166\" alt=\"\" srcset=\"https:\/\/leolindblom.fi\/kovesjoki\/wp-content\/uploads\/2020\/01\/riistapelto.jpg 800w, https:\/\/leolindblom.fi\/kovesjoki\/wp-content\/uploads\/2020\/01\/riistapelto-300x225.jpg 300w, https:\/\/leolindblom.fi\/kovesjoki\/wp-content\/uploads\/2020\/01\/riistapelto-768x576.jpg 768w\" sizes=\"auto, (max-width: 800px) 100vw, 800px\" \/>\t\t\t\t\t\t\t\t\t\t\t\t\t\t<\/div>\n\t\t\t\t\t\t<\/div>\n\t\t\t\t<\/div>\n\t\t\t\t<div class=\"elementor-element elementor-element-1c0b433 elementor-widget elementor-widget-text-editor\" data-id=\"1c0b433\" data-element_type=\"widget\" data-widget_type=\"text-editor.default\">\n\t\t\t\t<div class=\"elementor-widget-container\">\n\t\t\t\t\t\t\t\t<div class=\"elementor-text-editor elementor-clearfix\">\n\t\t\t\t<p>Riistanhoito on ty\u00f6t\u00e4 luonnon hyv\u00e4ksi. Se auttaa turvaamaan riistael\u00e4inten elinoloja.<\/p>\t\t\t\t\t<\/div>\n\t\t\t\t\t\t<\/div>\n\t\t\t\t<\/div>\n\t\t\t\t\t\t<\/div>\n\t\t\t\t\t<\/div>\n\t\t<\/div>\n\t\t\t\t<div class=\"elementor-column elementor-col-25 elementor-top-column elementor-element elementor-element-2249af6\" data-id=\"2249af6\" data-element_type=\"column\">\n\t\t\t<div class=\"elementor-column-wrap elementor-element-populated\">\n\t\t\t\t\t\t\t<div class=\"elementor-widget-wrap\">\n\t\t\t\t\t\t<div class=\"elementor-element elementor-element-0dfcb13 elementor-widget elementor-widget-text-editor\" data-id=\"0dfcb13\" data-element_type=\"widget\" data-widget_type=\"text-editor.default\">\n\t\t\t\t<div class=\"elementor-widget-container\">\n\t\t\t\t\t\t\t\t<div class=\"elementor-text-editor elementor-clearfix\">\n\t\t\t\t<p><strong>Riistanhoito seurassa<\/strong><\/p><p>Hirviel\u00e4imille on tarjolla ruokintapaikkoja ja nuolukivi\u00e4.\u00a0 Haapoja kaadetaan j\u00e4nisten ruuaksi. J\u00e4senet sitoutuvat noudattamaan seurassa p\u00e4\u00e4tettyj\u00e4 rajoituksia. Kanalinnuille on pitk\u00e4\u00e4n ollut k\u00e4yt\u00f6ss\u00e4 saaliskiinti\u00f6t, onpa ollut vuosia ettei niit\u00e4 ole ammuttu lainkaan (ainakin vv. -70, ja 91-92). V\u00e4lill\u00e4 osa mets\u00e4stysalueesta on pidetty rauhoitettuna. Ensimm\u00e4inen tieto l\u00f6ytyy seuran kokousp\u00f6yt\u00e4kirjasta 26.4. 1963. Silloin p\u00e4\u00e4tettiin rauhoittaa l\u00e4hes 500 hehtaarin kolmiomainen alue, jonka rajat olivat pohjoisessa Kirjaskyl\u00e4ntie, id\u00e4ss\u00e4 Kuusij\u00e4rventie Mettom\u00e4est\u00e4 j\u00e4rvelle ja l\u00e4nness\u00e4 luoma Hakom\u00e4en sillalta j\u00e4rveen.<\/p>\t\t\t\t\t<\/div>\n\t\t\t\t\t\t<\/div>\n\t\t\t\t<\/div>\n\t\t\t\t\t\t<\/div>\n\t\t\t\t\t<\/div>\n\t\t<\/div>\n\t\t\t\t<div class=\"elementor-column elementor-col-25 elementor-top-column elementor-element elementor-element-94893ac\" data-id=\"94893ac\" data-element_type=\"column\">\n\t\t\t<div class=\"elementor-column-wrap elementor-element-populated\">\n\t\t\t\t\t\t\t<div class=\"elementor-widget-wrap\">\n\t\t\t\t\t\t<div class=\"elementor-element elementor-element-d821623 elementor-widget elementor-widget-text-editor\" data-id=\"d821623\" data-element_type=\"widget\" data-widget_type=\"text-editor.default\">\n\t\t\t\t<div class=\"elementor-widget-container\">\n\t\t\t\t\t\t\t\t<div class=\"elementor-text-editor elementor-clearfix\">\n\t\t\t\t<p><strong>Riistapellot<\/strong><\/p><p>Riistanhoitoty\u00f6 haastaa seuran budjettia vuosittain tuhansilla euroilla. Suurin menoer\u00e4 ovat riistapellot, joita on nyky\u00e4\u00e4n toistakymment\u00e4 hehtaaria. Suurin yli kymmenest\u00e4 pellosta on kooltaan nelj\u00e4 hehtaaria. Niiden vaatimat lannoitteet ja siemenet verottavat kassaa. Ty\u00f6koneet viev\u00e4t k\u00e4ytt\u00f6kulunsa ja talkootunteja kertyy.<\/p>\t\t\t\t\t<\/div>\n\t\t\t\t\t\t<\/div>\n\t\t\t\t<\/div>\n\t\t\t\t\t\t<\/div>\n\t\t\t\t\t<\/div>\n\t\t<\/div>\n\t\t\t\t\t\t\t\t<\/div>\n\t\t\t\t\t<\/div>\n\t\t<\/section>\n\t\t\t\t<section class=\"elementor-section elementor-top-section elementor-element elementor-element-87aaebe elementor-section-boxed elementor-section-height-default elementor-section-height-default\" data-id=\"87aaebe\" data-element_type=\"section\">\n\t\t\t\t\t\t<div class=\"elementor-container elementor-column-gap-default\">\n\t\t\t\t\t\t\t<div class=\"elementor-row\">\n\t\t\t\t\t<div class=\"elementor-column elementor-col-100 elementor-top-column elementor-element elementor-element-eafa115\" data-id=\"eafa115\" data-element_type=\"column\">\n\t\t\t<div class=\"elementor-column-wrap elementor-element-populated\">\n\t\t\t\t\t\t\t<div class=\"elementor-widget-wrap\">\n\t\t\t\t\t\t<div class=\"elementor-element elementor-element-b449b85 elementor-widget-divider--view-line elementor-widget elementor-widget-divider\" data-id=\"b449b85\" data-element_type=\"widget\" data-widget_type=\"divider.default\">\n\t\t\t\t<div class=\"elementor-widget-container\">\n\t\t\t\t\t<div class=\"elementor-divider\">\n\t\t\t<span class=\"elementor-divider-separator\">\n\t\t\t\t\t\t<\/span>\n\t\t<\/div>\n\t\t\t\t<\/div>\n\t\t\t\t<\/div>\n\t\t\t\t\t\t<\/div>\n\t\t\t\t\t<\/div>\n\t\t<\/div>\n\t\t\t\t\t\t\t\t<\/div>\n\t\t\t\t\t<\/div>\n\t\t<\/section>\n\t\t\t\t<section class=\"elementor-section elementor-top-section elementor-element elementor-element-1014136 elementor-section-boxed elementor-section-height-default elementor-section-height-default\" data-id=\"1014136\" data-element_type=\"section\">\n\t\t\t\t\t\t<div class=\"elementor-container elementor-column-gap-default\">\n\t\t\t\t\t\t\t<div class=\"elementor-row\">\n\t\t\t\t\t<div class=\"elementor-column elementor-col-33 elementor-top-column elementor-element elementor-element-0755bac\" data-id=\"0755bac\" data-element_type=\"column\">\n\t\t\t<div class=\"elementor-column-wrap elementor-element-populated\">\n\t\t\t\t\t\t\t<div class=\"elementor-widget-wrap\">\n\t\t\t\t\t\t<div class=\"elementor-element elementor-element-8b91e22 elementor-widget elementor-widget-image\" data-id=\"8b91e22\" data-element_type=\"widget\" data-widget_type=\"image.default\">\n\t\t\t\t<div class=\"elementor-widget-container\">\n\t\t\t\t\t\t\t\t<div class=\"elementor-image\">\n\t\t\t\t\t\t\t\t\t\t\t\t<img loading=\"lazy\" decoding=\"async\" width=\"414\" height=\"515\" src=\"https:\/\/leolindblom.fi\/kovesjoki\/wp-content\/uploads\/2020\/01\/aripekkatammi.jpg\" class=\"attachment-large size-large wp-image-169\" alt=\"\" srcset=\"https:\/\/leolindblom.fi\/kovesjoki\/wp-content\/uploads\/2020\/01\/aripekkatammi.jpg 414w, https:\/\/leolindblom.fi\/kovesjoki\/wp-content\/uploads\/2020\/01\/aripekkatammi-241x300.jpg 241w\" sizes=\"auto, (max-width: 414px) 100vw, 414px\" \/>\t\t\t\t\t\t\t\t\t\t\t\t\t\t<\/div>\n\t\t\t\t\t\t<\/div>\n\t\t\t\t<\/div>\n\t\t\t\t<div class=\"elementor-element elementor-element-d2603f6 elementor-widget elementor-widget-spacer\" data-id=\"d2603f6\" data-element_type=\"widget\" data-widget_type=\"spacer.default\">\n\t\t\t\t<div class=\"elementor-widget-container\">\n\t\t\t\t\t<div class=\"elementor-spacer\">\n\t\t\t<div class=\"elementor-spacer-inner\"><\/div>\n\t\t<\/div>\n\t\t\t\t<\/div>\n\t\t\t\t<\/div>\n\t\t\t\t\t\t<\/div>\n\t\t\t\t\t<\/div>\n\t\t<\/div>\n\t\t\t\t<div class=\"elementor-column elementor-col-33 elementor-top-column elementor-element elementor-element-46d1c81\" data-id=\"46d1c81\" data-element_type=\"column\">\n\t\t\t<div class=\"elementor-column-wrap elementor-element-populated\">\n\t\t\t\t\t\t\t<div class=\"elementor-widget-wrap\">\n\t\t\t\t\t\t<div class=\"elementor-element elementor-element-24da840 elementor-widget elementor-widget-text-editor\" data-id=\"24da840\" data-element_type=\"widget\" data-widget_type=\"text-editor.default\">\n\t\t\t\t<div class=\"elementor-widget-container\">\n\t\t\t\t\t\t\t\t<div class=\"elementor-text-editor elementor-clearfix\">\n\t\t\t\t<p>Pienpetojen mets\u00e4styst\u00e4 on seurassa harjoitettu kilpailumieless\u00e4 syksyst\u00e4 -92.<\/p><p>Aiemmin seura maksoi ketuista tapporahaa. Se lakkautettiin 21.3 -69 pidetyn kokouksen p\u00e4\u00e4t\u00f6ksell\u00e4.<\/p>\t\t\t\t\t<\/div>\n\t\t\t\t\t\t<\/div>\n\t\t\t\t<\/div>\n\t\t\t\t<div class=\"elementor-element elementor-element-42a8c70 elementor-widget elementor-widget-image\" data-id=\"42a8c70\" data-element_type=\"widget\" data-widget_type=\"image.default\">\n\t\t\t\t<div class=\"elementor-widget-container\">\n\t\t\t\t\t\t\t\t<div class=\"elementor-image\">\n\t\t\t\t\t\t\t\t\t\t\t\t<img loading=\"lazy\" decoding=\"async\" width=\"500\" height=\"251\" src=\"https:\/\/leolindblom.fi\/kovesjoki\/wp-content\/uploads\/2020\/01\/jounilta.jpg\" class=\"attachment-large size-large wp-image-246\" alt=\"\" srcset=\"https:\/\/leolindblom.fi\/kovesjoki\/wp-content\/uploads\/2020\/01\/jounilta.jpg 500w, https:\/\/leolindblom.fi\/kovesjoki\/wp-content\/uploads\/2020\/01\/jounilta-300x151.jpg 300w\" sizes=\"auto, (max-width: 500px) 100vw, 500px\" \/>\t\t\t\t\t\t\t\t\t\t\t\t\t\t<\/div>\n\t\t\t\t\t\t<\/div>\n\t\t\t\t<\/div>\n\t\t\t\t\t\t<\/div>\n\t\t\t\t\t<\/div>\n\t\t<\/div>\n\t\t\t\t<div class=\"elementor-column elementor-col-33 elementor-top-column elementor-element elementor-element-def658f\" data-id=\"def658f\" data-element_type=\"column\">\n\t\t\t<div class=\"elementor-column-wrap elementor-element-populated\">\n\t\t\t\t\t\t\t<div class=\"elementor-widget-wrap\">\n\t\t\t\t\t\t<div class=\"elementor-element elementor-element-dc94f81 elementor-widget elementor-widget-image\" data-id=\"dc94f81\" data-element_type=\"widget\" data-widget_type=\"image.default\">\n\t\t\t\t<div class=\"elementor-widget-container\">\n\t\t\t\t\t\t\t\t<div class=\"elementor-image\">\n\t\t\t\t\t\t\t\t\t\t\t\t<img loading=\"lazy\" decoding=\"async\" width=\"800\" height=\"600\" src=\"https:\/\/leolindblom.fi\/kovesjoki\/wp-content\/uploads\/2020\/01\/markoautomaatti.jpg\" class=\"attachment-large size-large wp-image-168\" alt=\"\" srcset=\"https:\/\/leolindblom.fi\/kovesjoki\/wp-content\/uploads\/2020\/01\/markoautomaatti.jpg 800w, https:\/\/leolindblom.fi\/kovesjoki\/wp-content\/uploads\/2020\/01\/markoautomaatti-300x225.jpg 300w, https:\/\/leolindblom.fi\/kovesjoki\/wp-content\/uploads\/2020\/01\/markoautomaatti-768x576.jpg 768w\" sizes=\"auto, (max-width: 800px) 100vw, 800px\" \/>\t\t\t\t\t\t\t\t\t\t\t\t\t\t<\/div>\n\t\t\t\t\t\t<\/div>\n\t\t\t\t<\/div>\n\t\t\t\t<div class=\"elementor-element elementor-element-57e6939 elementor-widget elementor-widget-image\" data-id=\"57e6939\" data-element_type=\"widget\" data-widget_type=\"image.default\">\n\t\t\t\t<div class=\"elementor-widget-container\">\n\t\t\t\t\t\t\t\t<div class=\"elementor-image\">\n\t\t\t\t\t\t\t\t\t\t\t\t<img loading=\"lazy\" decoding=\"async\" width=\"640\" height=\"480\" src=\"https:\/\/leolindblom.fi\/kovesjoki\/wp-content\/uploads\/2020\/01\/kauris.jpg\" class=\"attachment-large size-large wp-image-167\" alt=\"\" srcset=\"https:\/\/leolindblom.fi\/kovesjoki\/wp-content\/uploads\/2020\/01\/kauris.jpg 640w, https:\/\/leolindblom.fi\/kovesjoki\/wp-content\/uploads\/2020\/01\/kauris-300x225.jpg 300w\" sizes=\"auto, (max-width: 640px) 100vw, 640px\" \/>\t\t\t\t\t\t\t\t\t\t\t\t\t\t<\/div>\n\t\t\t\t\t\t<\/div>\n\t\t\t\t<\/div>\n\t\t\t\t\t\t<\/div>\n\t\t\t\t\t<\/div>\n\t\t<\/div>\n\t\t\t\t\t\t\t\t<\/div>\n\t\t\t\t\t<\/div>\n\t\t<\/section>\n\t\t\t\t<section class=\"elementor-section elementor-top-section elementor-element elementor-element-336962c elementor-section-boxed elementor-section-height-default elementor-section-height-default\" data-id=\"336962c\" data-element_type=\"section\">\n\t\t\t\t\t\t<div class=\"elementor-container elementor-column-gap-default\">\n\t\t\t\t\t\t\t<div class=\"elementor-row\">\n\t\t\t\t\t<div class=\"elementor-column elementor-col-100 elementor-top-column elementor-element elementor-element-6af284e\" data-id=\"6af284e\" data-element_type=\"column\">\n\t\t\t<div class=\"elementor-column-wrap elementor-element-populated\">\n\t\t\t\t\t\t\t<div class=\"elementor-widget-wrap\">\n\t\t\t\t\t\t<div class=\"elementor-element elementor-element-1f31090 elementor-widget-divider--view-line elementor-widget elementor-widget-divider\" data-id=\"1f31090\" data-element_type=\"widget\" data-widget_type=\"divider.default\">\n\t\t\t\t<div class=\"elementor-widget-container\">\n\t\t\t\t\t<div class=\"elementor-divider\">\n\t\t\t<span class=\"elementor-divider-separator\">\n\t\t\t\t\t\t<\/span>\n\t\t<\/div>\n\t\t\t\t<\/div>\n\t\t\t\t<\/div>\n\t\t\t\t\t\t<\/div>\n\t\t\t\t\t<\/div>\n\t\t<\/div>\n\t\t\t\t\t\t\t\t<\/div>\n\t\t\t\t\t<\/div>\n\t\t<\/section>\n\t\t\t\t<section class=\"elementor-section elementor-top-section elementor-element elementor-element-9a5477d elementor-section-boxed elementor-section-height-default elementor-section-height-default\" data-id=\"9a5477d\" data-element_type=\"section\">\n\t\t\t\t\t\t<div class=\"elementor-container elementor-column-gap-default\">\n\t\t\t\t\t\t\t<div class=\"elementor-row\">\n\t\t\t\t\t<div class=\"elementor-column elementor-col-33 elementor-top-column elementor-element elementor-element-0d50718\" data-id=\"0d50718\" data-element_type=\"column\">\n\t\t\t<div class=\"elementor-column-wrap elementor-element-populated\">\n\t\t\t\t\t\t\t<div class=\"elementor-widget-wrap\">\n\t\t\t\t\t\t<div class=\"elementor-element elementor-element-36f32ad elementor-widget elementor-widget-text-editor\" data-id=\"36f32ad\" data-element_type=\"widget\" data-widget_type=\"text-editor.default\">\n\t\t\t\t<div class=\"elementor-widget-container\">\n\t\t\t\t\t\t\t\t<div class=\"elementor-text-editor elementor-clearfix\">\n\t\t\t\t<p><strong>Kohtaamisia maantiell\u00e4 &#8211; SRVA auttaa<\/strong><\/p><p>Seuran maita halkovalla valtatie 23:lla liikenne on kasvanut 90-luvun alusta.\u00a0 T\u00e4m\u00e4 n\u00e4kyy ik\u00e4v\u00e4sti my\u00f6s hirvikolarien m\u00e4\u00e4riss\u00e4. Seura auttaa viranomaisia tapausten selvityksess\u00e4 SRVA-toiminnan (Suurriistavirka-apu) my\u00f6t\u00e4. Yll\u00e4pit\u00e4j\u00e4n\u00e4 on riistanhoitoyhdistys, jolle poliisi vahingon sattuessa esitt\u00e4\u00e4 virka-apupyynn\u00f6n. SRVA-ty\u00f6h\u00f6n kuuluu vahingossa osapuolena olleen el\u00e4imen j\u00e4ljest\u00e4minen ja lopettaminen. Taajaan asutuilla alueilla tehd\u00e4\u00e4n my\u00f6s suurpetojen karkotuksia. Nykyisess\u00e4 muodossaan SRVA-toiminta on alkanut maassa 2009.<\/p>\t\t\t\t\t<\/div>\n\t\t\t\t\t\t<\/div>\n\t\t\t\t<\/div>\n\t\t\t\t\t\t<\/div>\n\t\t\t\t\t<\/div>\n\t\t<\/div>\n\t\t\t\t<div class=\"elementor-column elementor-col-33 elementor-top-column elementor-element elementor-element-8de5b0c\" data-id=\"8de5b0c\" data-element_type=\"column\">\n\t\t\t<div class=\"elementor-column-wrap elementor-element-populated\">\n\t\t\t\t\t\t\t<div class=\"elementor-widget-wrap\">\n\t\t\t\t\t\t<div class=\"elementor-element elementor-element-55fe304 elementor-widget elementor-widget-image\" data-id=\"55fe304\" data-element_type=\"widget\" data-widget_type=\"image.default\">\n\t\t\t\t<div class=\"elementor-widget-container\">\n\t\t\t\t\t\t\t\t<div class=\"elementor-image\">\n\t\t\t\t\t\t\t\t\t\t\t\t<img loading=\"lazy\" decoding=\"async\" width=\"332\" height=\"413\" src=\"https:\/\/leolindblom.fi\/kovesjoki\/wp-content\/uploads\/2020\/01\/srvamerkki.jpg\" class=\"attachment-large size-large wp-image-184\" alt=\"\" srcset=\"https:\/\/leolindblom.fi\/kovesjoki\/wp-content\/uploads\/2020\/01\/srvamerkki.jpg 332w, https:\/\/leolindblom.fi\/kovesjoki\/wp-content\/uploads\/2020\/01\/srvamerkki-241x300.jpg 241w\" sizes=\"auto, (max-width: 332px) 100vw, 332px\" \/>\t\t\t\t\t\t\t\t\t\t\t\t\t\t<\/div>\n\t\t\t\t\t\t<\/div>\n\t\t\t\t<\/div>\n\t\t\t\t\t\t<\/div>\n\t\t\t\t\t<\/div>\n\t\t<\/div>\n\t\t\t\t<div class=\"elementor-column elementor-col-33 elementor-top-column elementor-element elementor-element-b750c88\" data-id=\"b750c88\" data-element_type=\"column\">\n\t\t\t<div class=\"elementor-column-wrap elementor-element-populated\">\n\t\t\t\t\t\t\t<div class=\"elementor-widget-wrap\">\n\t\t\t\t\t\t<div class=\"elementor-element elementor-element-0e38077 elementor-widget elementor-widget-image\" data-id=\"0e38077\" data-element_type=\"widget\" data-widget_type=\"image.default\">\n\t\t\t\t<div class=\"elementor-widget-container\">\n\t\t\t\t\t\t\t\t<div class=\"elementor-image\">\n\t\t\t\t\t\t\t\t\t<figure class=\"wp-caption\">\n\t\t\t\t\t\t\t\t\t\t<img loading=\"lazy\" decoding=\"async\" width=\"1024\" height=\"911\" src=\"https:\/\/leolindblom.fi\/kovesjoki\/wp-content\/uploads\/2020\/01\/hirvivaara-1024x911.png\" class=\"attachment-large size-large wp-image-170\" alt=\"\" srcset=\"https:\/\/leolindblom.fi\/kovesjoki\/wp-content\/uploads\/2020\/01\/hirvivaara-1024x911.png 1024w, https:\/\/leolindblom.fi\/kovesjoki\/wp-content\/uploads\/2020\/01\/hirvivaara-300x267.png 300w, https:\/\/leolindblom.fi\/kovesjoki\/wp-content\/uploads\/2020\/01\/hirvivaara-768x683.png 768w, https:\/\/leolindblom.fi\/kovesjoki\/wp-content\/uploads\/2020\/01\/hirvivaara.png 1200w\" sizes=\"auto, (max-width: 1024px) 100vw, 1024px\" \/>\t\t\t\t\t\t\t\t\t\t\t<figcaption class=\"widget-image-caption wp-caption-text\">Seura pyrkii v\u00e4hent\u00e4m\u00e4\u00e4n hirvi\u00e4 tienvarsien l\u00e4himetsist\u00e4 ja auttaa lis\u00e4\u00e4m\u00e4\u00e4n turvallisuutta maanteill\u00e4<\/figcaption>\n\t\t\t\t\t\t\t\t\t\t<\/figure>\n\t\t\t\t\t\t\t\t<\/div>\n\t\t\t\t\t\t<\/div>\n\t\t\t\t<\/div>\n\t\t\t\t\t\t<\/div>\n\t\t\t\t\t<\/div>\n\t\t<\/div>\n\t\t\t\t\t\t\t\t<\/div>\n\t\t\t\t\t<\/div>\n\t\t<\/section>\n\t\t\t\t\t\t\t\t\t<\/div>\n\t\t\t<\/div>\n\t\t\t\t\t<\/div>\n\t\t","protected":false},"excerpt":{"rendered":"<p>Riistanhoito on ty\u00f6t\u00e4 luonnon hyv\u00e4ksi. Se auttaa turvaamaan riistael\u00e4inten elinoloja. Riistanhoito seurassa Hirviel\u00e4imille on tarjolla ruokintapaikkoja ja nuolukivi\u00e4.\u00a0 Haapoja kaadetaan j\u00e4nisten ruuaksi. J\u00e4senet sitoutuvat noudattamaan seurassa p\u00e4\u00e4tettyj\u00e4 rajoituksia. Kanalinnuille on pitk\u00e4\u00e4n ollut k\u00e4yt\u00f6ss\u00e4 saaliskiinti\u00f6t, onpa ollut vuosia ettei niit\u00e4 ole ammuttu lainkaan (ainakin vv. -70, ja 91-92). V\u00e4lill\u00e4 osa mets\u00e4stysalueesta on pidetty rauhoitettuna. Ensimm\u00e4inen tieto [&hellip;]<\/p>\n","protected":false},"author":1,"featured_media":0,"parent":0,"menu_order":0,"comment_status":"closed","ping_status":"closed","template":"","meta":{"ocean_post_layout":"full-width","ocean_both_sidebars_style":"","ocean_both_sidebars_content_width":0,"ocean_both_sidebars_sidebars_width":0,"ocean_sidebar":"0","ocean_second_sidebar":"0","ocean_disable_margins":"enable","ocean_add_body_class":"","ocean_shortcode_before_top_bar":"","ocean_shortcode_after_top_bar":"","ocean_shortcode_before_header":"","ocean_shortcode_after_header":"","ocean_has_shortcode":"","ocean_shortcode_after_title":"","ocean_shortcode_before_footer_widgets":"","ocean_shortcode_after_footer_widgets":"","ocean_shortcode_before_footer_bottom":"","ocean_shortcode_after_footer_bottom":"","ocean_display_top_bar":"default","ocean_display_header":"default","ocean_header_style":"","ocean_center_header_left_menu":"0","ocean_custom_header_template":"0","ocean_custom_logo":0,"ocean_custom_retina_logo":0,"ocean_custom_logo_max_width":0,"ocean_custom_logo_tablet_max_width":0,"ocean_custom_logo_mobile_max_width":0,"ocean_custom_logo_max_height":0,"ocean_custom_logo_tablet_max_height":0,"ocean_custom_logo_mobile_max_height":0,"ocean_header_custom_menu":"0","ocean_menu_typo_font_family":"0","ocean_menu_typo_font_subset":"","ocean_menu_typo_font_size":0,"ocean_menu_typo_font_size_tablet":0,"ocean_menu_typo_font_size_mobile":0,"ocean_menu_typo_font_size_unit":"px","ocean_menu_typo_font_weight":"","ocean_menu_typo_font_weight_tablet":"","ocean_menu_typo_font_weight_mobile":"","ocean_menu_typo_transform":"","ocean_menu_typo_transform_tablet":"","ocean_menu_typo_transform_mobile":"","ocean_menu_typo_line_height":0,"ocean_menu_typo_line_height_tablet":0,"ocean_menu_typo_line_height_mobile":0,"ocean_menu_typo_line_height_unit":"","ocean_menu_typo_spacing":0,"ocean_menu_typo_spacing_tablet":0,"ocean_menu_typo_spacing_mobile":0,"ocean_menu_typo_spacing_unit":"","ocean_menu_link_color":"","ocean_menu_link_color_hover":"","ocean_menu_link_color_active":"","ocean_menu_link_background":"","ocean_menu_link_hover_background":"","ocean_menu_link_active_background":"","ocean_menu_social_links_bg":"","ocean_menu_social_hover_links_bg":"","ocean_menu_social_links_color":"","ocean_menu_social_hover_links_color":"","ocean_disable_title":"default","ocean_disable_heading":"default","ocean_post_title":"","ocean_post_subheading":"","ocean_post_title_style":"","ocean_post_title_background_color":"","ocean_post_title_background":0,"ocean_post_title_bg_image_position":"","ocean_post_title_bg_image_attachment":"","ocean_post_title_bg_image_repeat":"","ocean_post_title_bg_image_size":"","ocean_post_title_height":0,"ocean_post_title_bg_overlay":0.5,"ocean_post_title_bg_overlay_color":"","ocean_disable_breadcrumbs":"default","ocean_breadcrumbs_color":"","ocean_breadcrumbs_separator_color":"","ocean_breadcrumbs_links_color":"","ocean_breadcrumbs_links_hover_color":"","ocean_display_footer_widgets":"default","ocean_display_footer_bottom":"default","ocean_custom_footer_template":"0","footnotes":""},"class_list":["post-29","page","type-page","status-publish","hentry","entry"],"_links":{"self":[{"href":"https:\/\/leolindblom.fi\/kovesjoki\/wp-json\/wp\/v2\/pages\/29","targetHints":{"allow":["GET"]}}],"collection":[{"href":"https:\/\/leolindblom.fi\/kovesjoki\/wp-json\/wp\/v2\/pages"}],"about":[{"href":"https:\/\/leolindblom.fi\/kovesjoki\/wp-json\/wp\/v2\/types\/page"}],"author":[{"embeddable":true,"href":"https:\/\/leolindblom.fi\/kovesjoki\/wp-json\/wp\/v2\/users\/1"}],"replies":[{"embeddable":true,"href":"https:\/\/leolindblom.fi\/kovesjoki\/wp-json\/wp\/v2\/comments?post=29"}],"version-history":[{"count":27,"href":"https:\/\/leolindblom.fi\/kovesjoki\/wp-json\/wp\/v2\/pages\/29\/revisions"}],"predecessor-version":[{"id":557,"href":"https:\/\/leolindblom.fi\/kovesjoki\/wp-json\/wp\/v2\/pages\/29\/revisions\/557"}],"wp:attachment":[{"href":"https:\/\/leolindblom.fi\/kovesjoki\/wp-json\/wp\/v2\/media?parent=29"}],"curies":[{"name":"wp","href":"https:\/\/api.w.org\/{rel}","templated":true}]}}